{"id":11176,"date":"2024-03-29T09:43:23","date_gmt":"2024-03-29T08:43:23","guid":{"rendered":"http:\/\/www.planetel.it\/?page_id=11176"},"modified":"2025-07-28T08:40:15","modified_gmt":"2025-07-28T06:40:15","slug":"qualita","status":"publish","type":"page","link":"https:\/\/www.planetel.it\/en\/qualita\/","title":{"rendered":"Qualit\u00e0"},"content":{"rendered":"\r\n<div class=\"section pt-0\" style=\"\">\r\n  <div class=\"container\">\r\n    <div class=\"row\">\r\n      <div class=\"col-xs-12\">\r\n        <div class=\"section-title\">\r\n                            <\/div>\r\n\r\n                  <div class=\"text\">\r\n            <p>La nostra affidabilit\u00e0, professionalit\u00e0 e trasparenza sono testimoniate dalle diverse <strong>certificazioni<\/strong> che abbiamo ottenuto nel corso degli anni e che, costantemente, rinnoviamo e incrementiamo.<\/p>\n<p>Tra queste si annoverano, innanzitutto, le <strong>certificazioni di qualit\u00e0 ISO<\/strong>, orientate a <strong>proteggere<\/strong> le informazioni dei clienti e <strong>garantire la conformit\u00e0<\/strong> dei processi interni. In secondo luogo, le <strong>qualificazioni ACN e l\u2019Attestazione SOA<\/strong>, fondamentali rispettivamente per erogare servizi alle Pubbliche Amministrazioni e per partecipare a gare d\u2019appalto.<\/p>\n<p>Da ultimo, il <strong>rating di sostenibilit\u00e0 Silver<\/strong> per quanto riguarda sostenibilit\u00e0 aziendale, attuazione dei fattori ESG e Responsabilit\u00e0 Sociale d\u2019Impresa.<\/p>\n          <\/div>\r\n        \r\n              <\/div>\r\n    <\/div>\r\n  <\/div>\r\n<\/div>\r\n\r\n\n\n\r\n<div class=\"section block-2-columns block-list-documents pt-0\" style=\"\">\r\n  <div class=\"container\">\r\n    <div class=\"row flex\">\r\n      \r\n              \r\n        <div class=\"col-xs-12 col-sm-12 col-md-12 col-lg-12\">\r\n          <div class=\"documents-container\">\r\n            <div class=\"row flex \">\r\n\r\n              \r\n                <div class=\"col-xs-12 col-sm-12 col-md-6 col-lg-6\">\r\n                  <ul class=\"list-unstyled\">\r\n                    <li class=\"list-links\">\r\n                      <div class=\"section-title\">\r\n                        <h4>\r\n                          <a href=\"http:\/\/www.planetel.it\/qualita\/certificazioni\/\" class=\"d-block js-track\" title=\"Certificazioni\" data-track-label=\"Certificazioni\" data-track-section=\"block-list-documents\" target=\"\">\r\n                            Certificazioni Qualit\u00e0                          <\/a>\r\n                        <\/h4>\r\n                      <\/div>\r\n                    <\/li>\r\n                  <\/ul>\r\n                <\/div>\r\n\r\n              \r\n                <div class=\"col-xs-12 col-sm-12 col-md-6 col-lg-6\">\r\n                  <ul class=\"list-unstyled\">\r\n                    <li class=\"list-links\">\r\n                      <div class=\"section-title\">\r\n                        <h4>\r\n                          <a href=\"https:\/\/www.planetel.it\/docs\/politica-integrata-della-qualita\/\" class=\"d-block js-track\" title=\"Politica Integrata per la Qualit\u00e0\" data-track-label=\"Politica Integrata per la Qualit\u00e0\" data-track-section=\"block-list-documents\" target=\"_blank\">\r\n                            Politica Integrata per la Qualit\u00e0                          <\/a>\r\n                        <\/h4>\r\n                      <\/div>\r\n                    <\/li>\r\n                  <\/ul>\r\n                <\/div>\r\n\r\n              \r\n            <\/div>\r\n          <\/div>\r\n        <\/div>\r\n\r\n          <\/div>\r\n  <\/div>\r\n<\/div>\r\n\r\n\r\n","protected":false},"excerpt":{"rendered":"","protected":false},"author":1,"featured_media":0,"parent":0,"menu_order":0,"comment_status":"closed","ping_status":"closed","template":"","meta":{"_acf_changed":false,"footnotes":""},"class_list":["post-11176","page","type-page","status-publish","hentry"],"acf":[],"yoast_head":"<!-- This site is optimized with the Yoast SEO plugin v27.3 - https:\/\/yoast.com\/product\/yoast-seo-wordpress\/ -->\n<title>Qualit\u00e0 | Planetel<\/title>\n<meta name=\"description\" content=\"Scopri tutte le nostre Certificazioni che confermano la professionalit\u00e0 e il valore del Gruppo Planetel: ISO, ACN, SOA, rating sostenibilit\u00e0.\" \/>\n<meta name=\"robots\" content=\"noindex, nofollow\" \/>\n<meta property=\"og:locale\" content=\"en_US\" \/>\n<meta property=\"og:type\" content=\"article\" \/>\n<meta property=\"og:title\" content=\"Qualit\u00e0 | Planetel\" \/>\n<meta property=\"og:description\" content=\"Scopri tutte le nostre Certificazioni che confermano la professionalit\u00e0 e il valore del Gruppo Planetel: ISO, ACN, SOA, rating sostenibilit\u00e0.\" \/>\n<meta property=\"og:url\" content=\"https:\/\/www.planetel.it\/en\/qualita\/\" \/>\n<meta property=\"og:site_name\" content=\"Planetel\" \/>\n<meta property=\"article:publisher\" content=\"https:\/\/www.facebook.com\/planetelspa\" \/>\n<meta property=\"article:modified_time\" content=\"2025-07-28T06:40:15+00:00\" \/>\n<meta property=\"og:image\" content=\"https:\/\/www.planetel.it\/wp-content\/uploads\/2025\/01\/og-image.webp\" \/>\n\t<meta property=\"og:image:width\" content=\"1200\" \/>\n\t<meta property=\"og:image:height\" content=\"630\" \/>\n\t<meta property=\"og:image:type\" content=\"image\/webp\" \/>\n<meta name=\"twitter:card\" content=\"summary_large_image\" \/>\n<script type=\"application\/ld+json\" class=\"yoast-schema-graph\">{\"@context\":\"https:\\\/\\\/schema.org\",\"@graph\":[{\"@type\":\"WebPage\",\"@id\":\"https:\\\/\\\/www.planetel.it\\\/en\\\/qualita\\\/\",\"url\":\"https:\\\/\\\/www.planetel.it\\\/en\\\/qualita\\\/\",\"name\":\"Qualit\u00e0 | Planetel\",\"isPartOf\":{\"@id\":\"https:\\\/\\\/www.planetel.it\\\/en\\\/#website\"},\"datePublished\":\"2024-03-29T08:43:23+00:00\",\"dateModified\":\"2025-07-28T06:40:15+00:00\",\"description\":\"Scopri tutte le nostre Certificazioni che confermano la professionalit\u00e0 e il valore del Gruppo Planetel: ISO, ACN, SOA, rating sostenibilit\u00e0.\",\"breadcrumb\":{\"@id\":\"https:\\\/\\\/www.planetel.it\\\/en\\\/qualita\\\/#breadcrumb\"},\"inLanguage\":\"en-US\",\"potentialAction\":[{\"@type\":\"ReadAction\",\"target\":[\"https:\\\/\\\/www.planetel.it\\\/en\\\/qualita\\\/\"]}]},{\"@type\":\"BreadcrumbList\",\"@id\":\"https:\\\/\\\/www.planetel.it\\\/en\\\/qualita\\\/#breadcrumb\",\"itemListElement\":[{\"@type\":\"ListItem\",\"position\":1,\"name\":\"Home\",\"item\":\"https:\\\/\\\/www.planetel.it\\\/en\\\/\"},{\"@type\":\"ListItem\",\"position\":2,\"name\":\"Qualit\u00e0\"}]},{\"@type\":\"WebSite\",\"@id\":\"https:\\\/\\\/www.planetel.it\\\/en\\\/#website\",\"url\":\"https:\\\/\\\/www.planetel.it\\\/en\\\/\",\"name\":\"Planetel\",\"description\":\"Pi\u00f9 che una connessione\",\"publisher\":{\"@id\":\"https:\\\/\\\/www.planetel.it\\\/en\\\/#organization\"},\"potentialAction\":[{\"@type\":\"SearchAction\",\"target\":{\"@type\":\"EntryPoint\",\"urlTemplate\":\"https:\\\/\\\/www.planetel.it\\\/en\\\/?s={search_term_string}\"},\"query-input\":{\"@type\":\"PropertyValueSpecification\",\"valueRequired\":true,\"valueName\":\"search_term_string\"}}],\"inLanguage\":\"en-US\"},{\"@type\":\"Organization\",\"@id\":\"https:\\\/\\\/www.planetel.it\\\/en\\\/#organization\",\"name\":\"Planetel S.p.A.\",\"url\":\"https:\\\/\\\/www.planetel.it\\\/en\\\/\",\"logo\":{\"@type\":\"ImageObject\",\"inLanguage\":\"en-US\",\"@id\":\"https:\\\/\\\/www.planetel.it\\\/en\\\/#\\\/schema\\\/logo\\\/image\\\/\",\"url\":\"https:\\\/\\\/www.planetel.it\\\/wp-content\\\/uploads\\\/2024\\\/04\\\/logo-group-planetel.svg\",\"contentUrl\":\"https:\\\/\\\/www.planetel.it\\\/wp-content\\\/uploads\\\/2024\\\/04\\\/logo-group-planetel.svg\",\"width\":1,\"height\":1,\"caption\":\"Planetel S.p.A.\"},\"image\":{\"@id\":\"https:\\\/\\\/www.planetel.it\\\/en\\\/#\\\/schema\\\/logo\\\/image\\\/\"},\"sameAs\":[\"https:\\\/\\\/www.facebook.com\\\/planetelspa\",\"https:\\\/\\\/www.linkedin.com\\\/company\\\/planetel\",\"https:\\\/\\\/www.instagram.com\\\/planetelspa\"]}]}<\/script>\n<!-- \/ Yoast SEO plugin. -->","yoast_head_json":{"title":"Qualit\u00e0 | Planetel","description":"Scopri tutte le nostre Certificazioni che confermano la professionalit\u00e0 e il valore del Gruppo Planetel: ISO, ACN, SOA, rating sostenibilit\u00e0.","robots":{"index":"noindex","follow":"nofollow"},"og_locale":"en_US","og_type":"article","og_title":"Qualit\u00e0 | Planetel","og_description":"Scopri tutte le nostre Certificazioni che confermano la professionalit\u00e0 e il valore del Gruppo Planetel: ISO, ACN, SOA, rating sostenibilit\u00e0.","og_url":"https:\/\/www.planetel.it\/en\/qualita\/","og_site_name":"Planetel","article_publisher":"https:\/\/www.facebook.com\/planetelspa","article_modified_time":"2025-07-28T06:40:15+00:00","og_image":[{"width":1200,"height":630,"url":"https:\/\/www.planetel.it\/wp-content\/uploads\/2025\/01\/og-image.webp","type":"image\/webp"}],"twitter_card":"summary_large_image","schema":{"@context":"https:\/\/schema.org","@graph":[{"@type":"WebPage","@id":"https:\/\/www.planetel.it\/en\/qualita\/","url":"https:\/\/www.planetel.it\/en\/qualita\/","name":"Qualit\u00e0 | Planetel","isPartOf":{"@id":"https:\/\/www.planetel.it\/en\/#website"},"datePublished":"2024-03-29T08:43:23+00:00","dateModified":"2025-07-28T06:40:15+00:00","description":"Scopri tutte le nostre Certificazioni che confermano la professionalit\u00e0 e il valore del Gruppo Planetel: ISO, ACN, SOA, rating sostenibilit\u00e0.","breadcrumb":{"@id":"https:\/\/www.planetel.it\/en\/qualita\/#breadcrumb"},"inLanguage":"en-US","potentialAction":[{"@type":"ReadAction","target":["https:\/\/www.planetel.it\/en\/qualita\/"]}]},{"@type":"BreadcrumbList","@id":"https:\/\/www.planetel.it\/en\/qualita\/#breadcrumb","itemListElement":[{"@type":"ListItem","position":1,"name":"Home","item":"https:\/\/www.planetel.it\/en\/"},{"@type":"ListItem","position":2,"name":"Qualit\u00e0"}]},{"@type":"WebSite","@id":"https:\/\/www.planetel.it\/en\/#website","url":"https:\/\/www.planetel.it\/en\/","name":"Planetel","description":"Pi\u00f9 che una connessione","publisher":{"@id":"https:\/\/www.planetel.it\/en\/#organization"},"potentialAction":[{"@type":"SearchAction","target":{"@type":"EntryPoint","urlTemplate":"https:\/\/www.planetel.it\/en\/?s={search_term_string}"},"query-input":{"@type":"PropertyValueSpecification","valueRequired":true,"valueName":"search_term_string"}}],"inLanguage":"en-US"},{"@type":"Organization","@id":"https:\/\/www.planetel.it\/en\/#organization","name":"Planetel S.p.A.","url":"https:\/\/www.planetel.it\/en\/","logo":{"@type":"ImageObject","inLanguage":"en-US","@id":"https:\/\/www.planetel.it\/en\/#\/schema\/logo\/image\/","url":"https:\/\/www.planetel.it\/wp-content\/uploads\/2024\/04\/logo-group-planetel.svg","contentUrl":"https:\/\/www.planetel.it\/wp-content\/uploads\/2024\/04\/logo-group-planetel.svg","width":1,"height":1,"caption":"Planetel S.p.A."},"image":{"@id":"https:\/\/www.planetel.it\/en\/#\/schema\/logo\/image\/"},"sameAs":["https:\/\/www.facebook.com\/planetelspa","https:\/\/www.linkedin.com\/company\/planetel","https:\/\/www.instagram.com\/planetelspa"]}]}},"_links":{"self":[{"href":"https:\/\/www.planetel.it\/en\/wp-json\/wp\/v2\/pages\/11176","targetHints":{"allow":["GET"]}}],"collection":[{"href":"https:\/\/www.planetel.it\/en\/wp-json\/wp\/v2\/pages"}],"about":[{"href":"https:\/\/www.planetel.it\/en\/wp-json\/wp\/v2\/types\/page"}],"author":[{"embeddable":true,"href":"https:\/\/www.planetel.it\/en\/wp-json\/wp\/v2\/users\/1"}],"replies":[{"embeddable":true,"href":"https:\/\/www.planetel.it\/en\/wp-json\/wp\/v2\/comments?post=11176"}],"version-history":[{"count":5,"href":"https:\/\/www.planetel.it\/en\/wp-json\/wp\/v2\/pages\/11176\/revisions"}],"predecessor-version":[{"id":67865,"href":"https:\/\/www.planetel.it\/en\/wp-json\/wp\/v2\/pages\/11176\/revisions\/67865"}],"wp:attachment":[{"href":"https:\/\/www.planetel.it\/en\/wp-json\/wp\/v2\/media?parent=11176"}],"curies":[{"name":"wp","href":"https:\/\/api.w.org\/{rel}","templated":true}]}}